{"id":780,"date":"2024-09-02T17:44:48","date_gmt":"2024-09-02T15:44:48","guid":{"rendered":"https:\/\/louisonyoga.com\/?page_id=780"},"modified":"2024-09-02T17:44:48","modified_gmt":"2024-09-02T15:44:48","slug":"yogamama","status":"publish","type":"page","link":"https:\/\/louisonyoga.com\/index.php\/yogamama\/","title":{"rendered":"Yogamama"},"content":{"rendered":"\n<div class=\"wp-block-media-text is-stacked-on-mobile\" style=\"grid-template-columns:33% auto\"><figure class=\"wp-block-media-text__media\"><img loading=\"lazy\" decoding=\"async\" width=\"1024\" height=\"967\" src=\"https:\/\/louisonyoga.com\/wp-content\/uploads\/2024\/06\/Capture-decran-2024-06-27-a-15.41.16-1024x967.png\" alt=\"\" class=\"wp-image-781 size-full\" srcset=\"https:\/\/louisonyoga.com\/wp-content\/uploads\/2024\/06\/Capture-decran-2024-06-27-a-15.41.16-1024x967.png 1024w, https:\/\/louisonyoga.com\/wp-content\/uploads\/2024\/06\/Capture-decran-2024-06-27-a-15.41.16-300x283.png 300w, https:\/\/louisonyoga.com\/wp-content\/uploads\/2024\/06\/Capture-decran-2024-06-27-a-15.41.16-768x725.png 768w, https:\/\/louisonyoga.com\/wp-content\/uploads\/2024\/06\/Capture-decran-2024-06-27-a-15.41.16-1536x1450.png 1536w, https:\/\/louisonyoga.com\/wp-content\/uploads\/2024\/06\/Capture-decran-2024-06-27-a-15.41.16-64x60.png 64w, https:\/\/louisonyoga.com\/wp-content\/uploads\/2024\/06\/Capture-decran-2024-06-27-a-15.41.16-1320x1246.png 1320w, https:\/\/louisonyoga.com\/wp-content\/uploads\/2024\/06\/Capture-decran-2024-06-27-a-15.41.16.png 1544w\" sizes=\"(max-width: 1024px) 100vw, 1024px\" \/><\/figure><div class=\"wp-block-media-text__content\">\n<p class=\"has-black-color has-text-color has-link-color wp-elements-5ecde977b56100766b6fb846f62598c6\">YOGAMAMA, votre programme en ligne de yoga pr\u00e9natal et yoga postnatal co-cr\u00e9\u00e9 avec Juliette Marchal. Pour soutenir les femmes et accompagner les m\u00e8res gr\u00e2ce au yoga afin de traverser une grossesse consciente et un postpartum plus doux. <\/p>\n<\/div><\/div>\n\n\n\n<div style=\"height:19px\" aria-hidden=\"true\" class=\"wp-block-spacer\"><\/div>\n\n\n\n<p class=\"has-black-color has-text-color has-link-color wp-elements-25cbf114c5dbe4fc491ec0951b5e6a69\">\ud83e\udd3020 vid\u00e9os du 1er trimestre au postpartum sur des th\u00e9matiques diff\u00e9rentes<\/p>\n\n\n\n<p class=\"has-black-color has-text-color has-link-color wp-elements-a1e2b74854f319202bf774e2cd120ac1\">\ud83e\udd30 Une communaut\u00e9 des Yogamamas <\/p>\n\n\n\n<p class=\"has-black-color has-text-color has-link-color wp-elements-a2c721c4113e1aa5eb792aac82c2814c\">\ud83e\udd30 Des intervenantes sp\u00e9cialis\u00e9es et form\u00e9es en p\u00e9rinatalit\u00e9 <\/p>\n\n\n\n<p class=\"has-black-color has-text-color has-link-color wp-elements-ea8cca38558e2f2fd2df8d6a11de82f0\">\ud83d\udcb6 Prix du programme complet : 117\u20ac <\/p>\n\n\n\n<p class=\"has-black-color has-text-color has-link-color wp-elements-aa5176cc5a18b4a730eaf191f49fa06e\">\ud83d\udcb6 Prix du programme postnatal seul : 29\u20ac <\/p>\n\n\n\n<p class=\"has-black-color has-text-color has-link-color wp-elements-a504e8e4ab70ba804ad763a52e5c83d4\"><a href=\"https:\/\/juliettemarchalyoga.com\/yogamamaprogrammedeyogaprenatalenligne\/?fbclid=PAAaa0x_6D95gzovvK7jIAZo7ef2JdI7tMBF1W4FI9eyEASfNgTDzyX9f-wlQ\">Clique-ici<\/a> pour plus d\u2019infos et pour adh\u00e9rer au programme. Pour toute question, \u00e9cris \u00e0 Louison et Juliette par mail : yogamamaenligne@gmail.com<\/p>\n","protected":false},"excerpt":{"rendered":"<p>YOGAMAMA, votre programme en ligne de yoga pr\u00e9natal et yoga postnatal co-cr\u00e9\u00e9 avec Juliette Marchal. Pour soutenir les femmes et accompagner les m\u00e8res gr\u00e2ce au yoga afin de traverser une grossesse consciente et un postpartum plus doux. \ud83e\udd3020 vid\u00e9os du 1er trimestre au postpartum sur des th\u00e9matiques diff\u00e9rentes \ud83e\udd30 Une communaut\u00e9 des Yogamamas \ud83e\udd30 Des intervenantes sp\u00e9cialis\u00e9es et form\u00e9es en &hellip; <\/p>\n","protected":false},"author":1,"featured_media":0,"parent":0,"menu_order":0,"comment_status":"closed","ping_status":"closed","template":"","meta":{"footnotes":""},"_links":{"self":[{"href":"https:\/\/louisonyoga.com\/index.php\/wp-json\/wp\/v2\/pages\/780"}],"collection":[{"href":"https:\/\/louisonyoga.com\/index.php\/wp-json\/wp\/v2\/pages"}],"about":[{"href":"https:\/\/louisonyoga.com\/index.php\/wp-json\/wp\/v2\/types\/page"}],"author":[{"embeddable":true,"href":"https:\/\/louisonyoga.com\/index.php\/wp-json\/wp\/v2\/users\/1"}],"replies":[{"embeddable":true,"href":"https:\/\/louisonyoga.com\/index.php\/wp-json\/wp\/v2\/comments?post=780"}],"version-history":[{"count":3,"href":"https:\/\/louisonyoga.com\/index.php\/wp-json\/wp\/v2\/pages\/780\/revisions"}],"predecessor-version":[{"id":1040,"href":"https:\/\/louisonyoga.com\/index.php\/wp-json\/wp\/v2\/pages\/780\/revisions\/1040"}],"wp:attachment":[{"href":"https:\/\/louisonyoga.com\/index.php\/wp-json\/wp\/v2\/media?parent=780"}],"curies":[{"name":"wp","href":"https:\/\/api.w.org\/{rel}","templated":true}]}}