{"id":768,"date":"2024-09-02T17:44:12","date_gmt":"2024-09-02T15:44:12","guid":{"rendered":"https:\/\/louisonyoga.com\/?page_id=768"},"modified":"2024-09-02T18:02:50","modified_gmt":"2024-09-02T16:02:50","slug":"perinatalite","status":"publish","type":"page","link":"https:\/\/louisonyoga.com\/index.php\/perinatalite\/","title":{"rendered":"P\u00e9rinatalit\u00e9"},"content":{"rendered":"\n<div class=\"wp-block-cover is-light\" style=\"min-height:254px;aspect-ratio:unset;\"><span aria-hidden=\"true\" class=\"wp-block-cover__background has-background-dim\" style=\"background-color:#bb8f7a\"><\/span><img loading=\"lazy\" decoding=\"async\" width=\"1080\" height=\"1427\" class=\"wp-block-cover__image-background wp-image-994\" alt=\"\" src=\"https:\/\/louisonyoga.com\/wp-content\/uploads\/2024\/08\/WhatsApp-Image-2024-08-28-at-10.17.39-PM.jpeg\" style=\"object-position:50% 71%\" data-object-fit=\"cover\" data-object-position=\"50% 71%\" srcset=\"https:\/\/louisonyoga.com\/wp-content\/uploads\/2024\/08\/WhatsApp-Image-2024-08-28-at-10.17.39-PM.jpeg 1080w, https:\/\/louisonyoga.com\/wp-content\/uploads\/2024\/08\/WhatsApp-Image-2024-08-28-at-10.17.39-PM-227x300.jpeg 227w, https:\/\/louisonyoga.com\/wp-content\/uploads\/2024\/08\/WhatsApp-Image-2024-08-28-at-10.17.39-PM-775x1024.jpeg 775w, https:\/\/louisonyoga.com\/wp-content\/uploads\/2024\/08\/WhatsApp-Image-2024-08-28-at-10.17.39-PM-768x1015.jpeg 768w, https:\/\/louisonyoga.com\/wp-content\/uploads\/2024\/08\/WhatsApp-Image-2024-08-28-at-10.17.39-PM-45x60.jpeg 45w\" sizes=\"(max-width: 1080px) 100vw, 1080px\" \/><div class=\"wp-block-cover__inner-container is-layout-constrained wp-block-cover-is-layout-constrained\">\n<p class=\"has-text-align-right has-white-color has-text-color has-link-color has-large-font-size wp-elements-6f347a8667da5769cb8d8b6eb4eed477\">P\u00e9rinatalit\u00e9           <\/p>\n<\/div><\/div>\n\n\n\n<div style=\"height:26px\" aria-hidden=\"true\" class=\"wp-block-spacer\"><\/div>\n\n\n\n<p class=\"has-black-color has-text-color has-link-color wp-elements-f284e2bdddcc66686f1d76a1cf7be39b\">J\u2019accompagne la femme enceinte et la jeune maman gr\u00e2ce au yoga, ainsi qu\u2019\u00e0 l\u2019ayurveda et ses massages. Parce que c\u2019est une \u00e9tape dans la vie d\u2019une femme je crois qu\u2019il est important de s\u2019entourer et d\u2019aller vers les accompagnements qui nous semblent justes.<\/p>\n\n\n\n<p class=\"has-black-color has-text-color has-link-color wp-elements-8f3c5efae64eed134ddf25873063fb20\">Que ce soit par le yoga ou le massage, nous cr\u00e9ons ensemble une bulle de bien \u00eatre en conscience de votre corps et en lien avec votre b\u00e9b\u00e9.<\/p>\n\n\n\n<hr class=\"wp-block-separator has-text-color has-alpha-channel-opacity has-background is-style-default\" style=\"background-color:#b66c4b;color:#b66c4b\"\/>\n\n\n\n<blockquote class=\"wp-block-quote has-text-align-center is-style-large is-layout-flow wp-block-quote-is-layout-flow\">\n<p class=\"has-black-color has-text-color has-link-color has-medium-font-size wp-elements-aa2a0a2d2f465d458025273ae7b1f507\"> Je vous \u00e9coute et nous partageons<\/p>\n\n\n\n<p class=\"has-black-color has-text-color has-link-color has-medium-font-size wp-elements-092e03745ca33e0348048fd40caebc87\">Je prends soin de vous<\/p>\n\n\n\n<p class=\"has-black-color has-text-color has-link-color has-medium-font-size wp-elements-f3b8fc0c2b7004b096f7f57d6e8b68f0\">Je vous aide comme je le peux \u00e0 vous lib\u00e9rer du stress et des tensions <\/p>\n<\/blockquote>\n\n\n\n<hr class=\"wp-block-separator has-text-color has-alpha-channel-opacity has-background is-style-default\" style=\"background-color:#b66c4b;color:#b66c4b\"\/>\n\n\n\n<div class=\"wp-block-columns is-layout-flex wp-container-core-columns-is-layout-1 wp-block-columns-is-layout-flex\">\n<div class=\"wp-block-column is-layout-flow wp-block-column-is-layout-flow\"><div class=\"wp-block-image\">\n<figure class=\"aligncenter size-full is-resized\"><img decoding=\"async\" src=\"https:\/\/louisonyoga.com\/wp-content\/uploads\/2024\/06\/Capture-decran-2024-06-27-a-15.19.19.png\" alt=\"\" class=\"wp-image-771\" style=\"width:172px;height:auto\"\/><\/figure><\/div>\n\n\n<div class=\"wp-block-buttons is-content-justification-center is-layout-flex wp-container-core-buttons-is-layout-1 wp-block-buttons-is-layout-flex\">\n<div class=\"wp-block-button\"><a class=\"wp-block-button__link has-white-color has-text-color has-background has-link-color wp-element-button\" href=\"https:\/\/louisonyoga.com\/index.php\/yoga-pre-post-natal\/\" style=\"background-color:#b66c4b\">Yoga pr\u00e9 et post natal<\/a><\/div>\n<\/div>\n<\/div>\n\n\n\n<div class=\"wp-block-column is-layout-flow wp-block-column-is-layout-flow\"><div class=\"wp-block-image\">\n<figure class=\"aligncenter size-large is-resized\"><img loading=\"lazy\" decoding=\"async\" width=\"1024\" height=\"967\" src=\"https:\/\/louisonyoga.com\/wp-content\/uploads\/2024\/06\/Capture-decran-2024-06-27-a-15.41.16-1024x967.png\" alt=\"\" class=\"wp-image-781\" style=\"width:237px;height:auto\" srcset=\"https:\/\/louisonyoga.com\/wp-content\/uploads\/2024\/06\/Capture-decran-2024-06-27-a-15.41.16-1024x967.png 1024w, https:\/\/louisonyoga.com\/wp-content\/uploads\/2024\/06\/Capture-decran-2024-06-27-a-15.41.16-300x283.png 300w, https:\/\/louisonyoga.com\/wp-content\/uploads\/2024\/06\/Capture-decran-2024-06-27-a-15.41.16-768x725.png 768w, https:\/\/louisonyoga.com\/wp-content\/uploads\/2024\/06\/Capture-decran-2024-06-27-a-15.41.16-1536x1450.png 1536w, https:\/\/louisonyoga.com\/wp-content\/uploads\/2024\/06\/Capture-decran-2024-06-27-a-15.41.16-64x60.png 64w, https:\/\/louisonyoga.com\/wp-content\/uploads\/2024\/06\/Capture-decran-2024-06-27-a-15.41.16-1320x1246.png 1320w, https:\/\/louisonyoga.com\/wp-content\/uploads\/2024\/06\/Capture-decran-2024-06-27-a-15.41.16.png 1544w\" sizes=\"(max-width: 1024px) 100vw, 1024px\" \/><\/figure><\/div>\n\n\n<div style=\"height:10px\" aria-hidden=\"true\" class=\"wp-block-spacer\"><\/div>\n\n\n\n<div class=\"wp-block-buttons is-content-justification-center is-layout-flex wp-container-core-buttons-is-layout-2 wp-block-buttons-is-layout-flex\">\n<div class=\"wp-block-button\"><a class=\"wp-block-button__link has-white-color has-text-color has-background has-link-color wp-element-button\" href=\"https:\/\/louisonyoga.com\/index.php\/yogamama\/\" style=\"background-color:#b66c4b\">Yogamama<\/a><\/div>\n<\/div>\n<\/div>\n<\/div>\n","protected":false},"excerpt":{"rendered":"<p>J\u2019accompagne la femme enceinte et la jeune maman gr\u00e2ce au yoga, ainsi qu\u2019\u00e0 l\u2019ayurveda et ses massages. Parce que c\u2019est une \u00e9tape dans la vie d\u2019une femme je crois qu\u2019il est important de s\u2019entourer et d\u2019aller vers les accompagnements qui nous semblent justes. Que ce soit par le yoga ou le massage, nous cr\u00e9ons ensemble une bulle de bien \u00eatre &hellip; <\/p>\n","protected":false},"author":1,"featured_media":0,"parent":0,"menu_order":0,"comment_status":"closed","ping_status":"closed","template":"","meta":{"footnotes":""},"_links":{"self":[{"href":"https:\/\/louisonyoga.com\/index.php\/wp-json\/wp\/v2\/pages\/768"}],"collection":[{"href":"https:\/\/louisonyoga.com\/index.php\/wp-json\/wp\/v2\/pages"}],"about":[{"href":"https:\/\/louisonyoga.com\/index.php\/wp-json\/wp\/v2\/types\/page"}],"author":[{"embeddable":true,"href":"https:\/\/louisonyoga.com\/index.php\/wp-json\/wp\/v2\/users\/1"}],"replies":[{"embeddable":true,"href":"https:\/\/louisonyoga.com\/index.php\/wp-json\/wp\/v2\/comments?post=768"}],"version-history":[{"count":12,"href":"https:\/\/louisonyoga.com\/index.php\/wp-json\/wp\/v2\/pages\/768\/revisions"}],"predecessor-version":[{"id":1092,"href":"https:\/\/louisonyoga.com\/index.php\/wp-json\/wp\/v2\/pages\/768\/revisions\/1092"}],"wp:attachment":[{"href":"https:\/\/louisonyoga.com\/index.php\/wp-json\/wp\/v2\/media?parent=768"}],"curies":[{"name":"wp","href":"https:\/\/api.w.org\/{rel}","templated":true}]}}