{"id":766,"date":"2024-09-02T17:43:47","date_gmt":"2024-09-02T15:43:47","guid":{"rendered":"https:\/\/louisonyoga.com\/?page_id=766"},"modified":"2024-09-02T17:52:47","modified_gmt":"2024-09-02T15:52:47","slug":"cours-particuliers","status":"publish","type":"page","link":"https:\/\/louisonyoga.com\/index.php\/cours-particuliers\/","title":{"rendered":"Cours particuliers"},"content":{"rendered":"\n<p class=\"has-black-color has-text-color has-link-color wp-elements-0308a2a099754694734234b754daceda\">Je vous accompagne pour des cours sur-mesure, adapt\u00e9s \u00e0 vos besoins, en individuel ou en mini groupe.<\/p>\n\n\n\n<p class=\"has-black-color has-text-color has-link-color wp-elements-b34c671a9a8b04ab0e1b0b47246d02be\">Je propose diff\u00e9rents yoga : vinyasa (dynamique), hatha (traditionnel), yin (doux), yoga pr\u00e9 et post natal selon la m\u00e9thode du Dr De Gasquet, yoga de la femme, yoga adapt\u00e9 et sur chaise (pour les personnes dont la mobilit\u00e9 est r\u00e9duite \u00e0 cause d&rsquo;une pathologie ou du fait de leur \u00e2ge).<\/p>\n\n\n\n<p class=\"has-black-color has-text-color has-link-color wp-elements-399a20b7efdee407b78f4c2873b47c09\">Les cours individuels et en mini groupe (maximum 3 personnes) ont lieu :<\/p>\n\n\n\n<p class=\"has-black-color has-text-color has-link-color wp-elements-21bf45919d46e3b1649552dc881988fd\">\ud83d\udccd Chez vous sur le bassin d&rsquo;Arcachon et alentours : 60\u20ac* pour 1h (modifiable selon le nombre de km)<\/p>\n\n\n\n<p class=\"has-black-color has-text-color has-link-color wp-elements-e00bd940fed51677e71346fd575d0821\">\ud83d\udcbb En ligne sur zoom : 45\u20ac* pour 1h<\/p>\n\n\n\n<p class=\"has-black-color has-text-color has-link-color wp-elements-69a26a6c055f0d53e458f4d51d7c3b29\">*Si vous vous inscrivez \u00e0 2 ou \u00e0 3, le prix indiqu\u00e9 se divise, il n&rsquo;augmente pas. Au del\u00e0 de 3, le prix par \u00e9l\u00e8ve suppl\u00e9mentaire est de 10\u20ac.<\/p>\n","protected":false},"excerpt":{"rendered":"<p>Je vous accompagne pour des cours sur-mesure, adapt\u00e9s \u00e0 vos besoins, en individuel ou en mini groupe. Je propose diff\u00e9rents yoga : vinyasa (dynamique), hatha (traditionnel), yin (doux), yoga pr\u00e9 et post natal selon la m\u00e9thode du Dr De Gasquet, yoga de la femme, yoga adapt\u00e9 et sur chaise (pour les personnes dont la mobilit\u00e9 est r\u00e9duite \u00e0 cause d&rsquo;une &hellip; <\/p>\n","protected":false},"author":1,"featured_media":0,"parent":0,"menu_order":0,"comment_status":"closed","ping_status":"closed","template":"","meta":{"footnotes":""},"_links":{"self":[{"href":"https:\/\/louisonyoga.com\/index.php\/wp-json\/wp\/v2\/pages\/766"}],"collection":[{"href":"https:\/\/louisonyoga.com\/index.php\/wp-json\/wp\/v2\/pages"}],"about":[{"href":"https:\/\/louisonyoga.com\/index.php\/wp-json\/wp\/v2\/types\/page"}],"author":[{"embeddable":true,"href":"https:\/\/louisonyoga.com\/index.php\/wp-json\/wp\/v2\/users\/1"}],"replies":[{"embeddable":true,"href":"https:\/\/louisonyoga.com\/index.php\/wp-json\/wp\/v2\/comments?post=766"}],"version-history":[{"count":9,"href":"https:\/\/louisonyoga.com\/index.php\/wp-json\/wp\/v2\/pages\/766\/revisions"}],"predecessor-version":[{"id":1085,"href":"https:\/\/louisonyoga.com\/index.php\/wp-json\/wp\/v2\/pages\/766\/revisions\/1085"}],"wp:attachment":[{"href":"https:\/\/louisonyoga.com\/index.php\/wp-json\/wp\/v2\/media?parent=766"}],"curies":[{"name":"wp","href":"https:\/\/api.w.org\/{rel}","templated":true}]}}