{"id":751,"date":"2024-09-02T17:44:24","date_gmt":"2024-09-02T15:44:24","guid":{"rendered":"https:\/\/louisonyoga.com\/?page_id=751"},"modified":"2025-01-12T14:56:45","modified_gmt":"2025-01-12T13:56:45","slug":"qui-suis-je","status":"publish","type":"page","link":"https:\/\/louisonyoga.com\/index.php\/qui-suis-je\/","title":{"rendered":"Qui suis-je ?"},"content":{"rendered":"\n<div class=\"wp-block-cover is-light\" style=\"min-height:309px;aspect-ratio:unset;\"><span aria-hidden=\"true\" class=\"wp-block-cover__background has-background-dim\" style=\"background-color:#a5a09d\"><\/span><img loading=\"lazy\" decoding=\"async\" width=\"1600\" height=\"1067\" class=\"wp-block-cover__image-background wp-image-940\" alt=\"\" src=\"https:\/\/louisonyoga.com\/wp-content\/uploads\/2024\/08\/Louison-Corporate_MyFirstScene_0007_CHRISTOLJOHANNA_websize.jpg\" data-object-fit=\"cover\" srcset=\"https:\/\/louisonyoga.com\/wp-content\/uploads\/2024\/08\/Louison-Corporate_MyFirstScene_0007_CHRISTOLJOHANNA_websize.jpg 1600w, https:\/\/louisonyoga.com\/wp-content\/uploads\/2024\/08\/Louison-Corporate_MyFirstScene_0007_CHRISTOLJOHANNA_websize-300x200.jpg 300w, https:\/\/louisonyoga.com\/wp-content\/uploads\/2024\/08\/Louison-Corporate_MyFirstScene_0007_CHRISTOLJOHANNA_websize-1024x683.jpg 1024w, https:\/\/louisonyoga.com\/wp-content\/uploads\/2024\/08\/Louison-Corporate_MyFirstScene_0007_CHRISTOLJOHANNA_websize-768x512.jpg 768w, https:\/\/louisonyoga.com\/wp-content\/uploads\/2024\/08\/Louison-Corporate_MyFirstScene_0007_CHRISTOLJOHANNA_websize-1536x1024.jpg 1536w, https:\/\/louisonyoga.com\/wp-content\/uploads\/2024\/08\/Louison-Corporate_MyFirstScene_0007_CHRISTOLJOHANNA_websize-90x60.jpg 90w, https:\/\/louisonyoga.com\/wp-content\/uploads\/2024\/08\/Louison-Corporate_MyFirstScene_0007_CHRISTOLJOHANNA_websize-1320x880.jpg 1320w\" sizes=\"(max-width: 1600px) 100vw, 1600px\" \/><div class=\"wp-block-cover__inner-container is-layout-constrained wp-block-cover-is-layout-constrained\">\n<p class=\"has-text-align-right has-white-color has-text-color has-link-color has-x-large-font-size wp-elements-7d278f0db80f3697852d10478bf7f15f\">Qui suis-je ?          <\/p>\n<\/div><\/div>\n\n\n\n<div style=\"height:37px\" aria-hidden=\"true\" class=\"wp-block-spacer\"><\/div>\n\n\n<div class=\"wp-block-image is-resized\">\n<figure class=\"alignleft size-large\"><img loading=\"lazy\" decoding=\"async\" width=\"683\" height=\"1024\" src=\"https:\/\/louisonyoga.com\/wp-content\/uploads\/2024\/08\/Louison-Corporate_MyFirstScene_0026_CHRISTOLJOHANNA_websize-683x1024.jpg\" alt=\"\" class=\"wp-image-943\" style=\"width:209px;height:auto\" srcset=\"https:\/\/louisonyoga.com\/wp-content\/uploads\/2024\/08\/Louison-Corporate_MyFirstScene_0026_CHRISTOLJOHANNA_websize-683x1024.jpg 683w, https:\/\/louisonyoga.com\/wp-content\/uploads\/2024\/08\/Louison-Corporate_MyFirstScene_0026_CHRISTOLJOHANNA_websize-200x300.jpg 200w, https:\/\/louisonyoga.com\/wp-content\/uploads\/2024\/08\/Louison-Corporate_MyFirstScene_0026_CHRISTOLJOHANNA_websize-768x1152.jpg 768w, https:\/\/louisonyoga.com\/wp-content\/uploads\/2024\/08\/Louison-Corporate_MyFirstScene_0026_CHRISTOLJOHANNA_websize-1024x1536.jpg 1024w, https:\/\/louisonyoga.com\/wp-content\/uploads\/2024\/08\/Louison-Corporate_MyFirstScene_0026_CHRISTOLJOHANNA_websize-40x60.jpg 40w, https:\/\/louisonyoga.com\/wp-content\/uploads\/2024\/08\/Louison-Corporate_MyFirstScene_0026_CHRISTOLJOHANNA_websize.jpg 1067w\" sizes=\"(max-width: 683px) 100vw, 683px\" \/><\/figure><\/div>\n\n\n<p class=\"has-black-color has-text-color has-link-color wp-elements-d08979b35c017c991bd106d7b72e3314\">J&rsquo;ai d\u00e9couvert le Yoga il y a 12 ans. A l\u2019\u00e9poque cette rencontre m&rsquo;a permis de prendre conscience de mon corps et mon \u00e2me, d&rsquo;apaiser certaines angoisses, d&rsquo;appr\u00e9hender un travail du corps, du souffle et de l&rsquo;esprit en profondeur, align\u00e9 et \u00e9quilibr\u00e9.<\/p>\n\n\n\n<p class=\"has-black-color has-text-color has-link-color wp-elements-4993cf03ab8f7fdc9305b6c12448e299\">Un jour j&rsquo;ai ressenti le besoin d&rsquo;aller au del\u00e0 des cours hebdomadaires que je suivais, je voulais aller plus loin. J&rsquo;ai donc commenc\u00e9 \u00e0 pratiquer chez moi, en autonomie. Je ne savais pas bien par quoi commencer sur mon tapis, en me retrouvant sans guide et face \u00e0 moi-m\u00eame. J&rsquo;ai persist\u00e9. Je voulais comprendre davantage. C&rsquo;est ainsi que j&rsquo;ai entrepris ma 1\u00e8re formation \u00e0 Paris. Pour comprendre, tester, m&rsquo;\u00e9clairer, apprendre. Vous l&rsquo;aurez donc compris, mon intention au d\u00e9part \u00e9tait purement personnelle\u2026 Ma formation a dur\u00e9 1 an et ce fut une r\u00e9v\u00e9lation, l&rsquo;ouverture d&rsquo;une porte vers un monde incroyablement enrichissant, sain, nourrissant, conscient. La r\u00e9ponse \u00e0 ce que je recherchais. <\/p>\n\n\n\n<p class=\"has-black-color has-text-color has-link-color wp-elements-7f6eb9ac2283796fa8261d7a02e7f8b3\">De fil en aiguille, j&rsquo;ai eu l&rsquo;opportunit\u00e9 de commencer \u00e0 donner mes propres cours. Enseigner le yoga est devenu une passion, un besoin. Je vis comme une chance le fait de suivre des \u00eatres dans leur \u00e9volution corporelle, spirituelle. J&rsquo;\u00e9prouve \u00e9norm\u00e9ment de reconnaissance envers les pratiquant(e)s de yoga qui me choisissent pour les guider. <\/p>\n\n\n\n<p class=\"has-black-color has-text-color has-link-color wp-elements-006005fda44d98ad2c953735f081876b\">J\u2019ai chemin\u00e9 en tant qu\u2019\u00e9l\u00e8ve avant de devenir professeur. El\u00e8ve, je le suis toujours. J\u2019ai pratiqu\u00e9 (et je pratique&nbsp;!) en France aupr\u00e8s de nombreux professeurs. J\u2019ai \u00e9galement eu la chance de pouvoir faire du yoga en Asie durant un voyage de 8 mois&nbsp;: en Inde, au N\u00e9pal, \u00e0 Bali&#8230;<\/p>\n\n\n\n<p class=\"has-black-color has-text-color has-link-color wp-elements-ff556781e38379b08f6e372d801cb955\">A mes yeux et pour mon c\u0153ur, le Yoga est une rencontre avec soi-m\u00eame, vers son essence, son \u00eatre. Aujourd&rsquo;hui je le vois comme un art de vivre et il m&rsquo;accompagne tous les jours, \u00e0 chaque moment, c&rsquo;est un chemin, un voyage. Je partage un Yoga avec le coeur et bienveillance dans le respect du corps et de l\u2019\u00eatre.<\/p>\n\n\n\n<p class=\"has-black-color has-text-color has-link-color wp-elements-bc176f0286a8597b7d8d342136fb31eb\">Je me ferais un plaisir de vous rencontrer et de vous guider sur votre chemin du Yoga. <\/p>\n\n\n\n<hr class=\"wp-block-separator has-text-color has-alpha-channel-opacity has-background\" style=\"background-color:#b66c4b;color:#b66c4b\"\/>\n\n\n\n<h2 class=\"wp-block-heading has-black-color has-text-color has-link-color wp-elements-c8f1f66744909d6b67c9059dd0512ed1\">Mes formations<\/h2>\n\n\n<div class=\"wp-block-image\">\n<figure class=\"aligncenter size-full is-resized\"><img loading=\"lazy\" decoding=\"async\" width=\"1280\" height=\"800\" src=\"https:\/\/louisonyoga.com\/wp-content\/uploads\/2024\/10\/Audit-Louison-Yoga.jpg\" alt=\"\" class=\"wp-image-1100\" style=\"width:837px;height:auto\" srcset=\"https:\/\/louisonyoga.com\/wp-content\/uploads\/2024\/10\/Audit-Louison-Yoga.jpg 1280w, https:\/\/louisonyoga.com\/wp-content\/uploads\/2024\/10\/Audit-Louison-Yoga-300x188.jpg 300w, https:\/\/louisonyoga.com\/wp-content\/uploads\/2024\/10\/Audit-Louison-Yoga-1024x640.jpg 1024w, https:\/\/louisonyoga.com\/wp-content\/uploads\/2024\/10\/Audit-Louison-Yoga-768x480.jpg 768w, https:\/\/louisonyoga.com\/wp-content\/uploads\/2024\/10\/Audit-Louison-Yoga-96x60.jpg 96w\" sizes=\"(max-width: 1280px) 100vw, 1280px\" \/><\/figure><\/div>","protected":false},"excerpt":{"rendered":"<p>J&rsquo;ai d\u00e9couvert le Yoga il y a 12 ans. A l\u2019\u00e9poque cette rencontre m&rsquo;a permis de prendre conscience de mon corps et mon \u00e2me, d&rsquo;apaiser certaines angoisses, d&rsquo;appr\u00e9hender un travail du corps, du souffle et de l&rsquo;esprit en profondeur, align\u00e9 et \u00e9quilibr\u00e9. Un jour j&rsquo;ai ressenti le besoin d&rsquo;aller au del\u00e0 des cours hebdomadaires que je suivais, je voulais aller &hellip; <\/p>\n","protected":false},"author":1,"featured_media":0,"parent":0,"menu_order":0,"comment_status":"closed","ping_status":"closed","template":"","meta":{"footnotes":""},"_links":{"self":[{"href":"https:\/\/louisonyoga.com\/index.php\/wp-json\/wp\/v2\/pages\/751"}],"collection":[{"href":"https:\/\/louisonyoga.com\/index.php\/wp-json\/wp\/v2\/pages"}],"about":[{"href":"https:\/\/louisonyoga.com\/index.php\/wp-json\/wp\/v2\/types\/page"}],"author":[{"embeddable":true,"href":"https:\/\/louisonyoga.com\/index.php\/wp-json\/wp\/v2\/users\/1"}],"replies":[{"embeddable":true,"href":"https:\/\/louisonyoga.com\/index.php\/wp-json\/wp\/v2\/comments?post=751"}],"version-history":[{"count":19,"href":"https:\/\/louisonyoga.com\/index.php\/wp-json\/wp\/v2\/pages\/751\/revisions"}],"predecessor-version":[{"id":1112,"href":"https:\/\/louisonyoga.com\/index.php\/wp-json\/wp\/v2\/pages\/751\/revisions\/1112"}],"wp:attachment":[{"href":"https:\/\/louisonyoga.com\/index.php\/wp-json\/wp\/v2\/media?parent=751"}],"curies":[{"name":"wp","href":"https:\/\/api.w.org\/{rel}","templated":true}]}}